{"id":7,"date":"2025-09-05T07:34:54","date_gmt":"2025-09-05T07:34:54","guid":{"rendered":"https:\/\/falcidila.com.tr\/?page_id=7"},"modified":"2025-10-04T17:02:19","modified_gmt":"2025-10-04T17:02:19","slug":"ana-sayfa","status":"publish","type":"page","link":"https:\/\/falcidila.com.tr\/","title":{"rendered":"Ana Sayfa"},"content":{"rendered":"\n<div class=\"wp-block-cover alignfull is-light\" style=\"min-height:720px;aspect-ratio:unset;\"><span aria-hidden=\"true\" class=\"wp-block-cover__background has-background-dim-100 has-background-dim has-background-gradient\" style=\"background:linear-gradient(35deg,rgb(6,0,151) 0%,rgb(130,4,255) 73%,rgb(193,15,255) 100%)\"><\/span><div class=\"wp-block-cover__inner-container is-layout-flow wp-block-cover-is-layout-flow\">\n<div class=\"inherit-container-width wp-block-group alignwide is-layout-constrained wp-block-group-is-layout-constrained\">\n<div class=\"wp-block-media-text alignwide has-media-on-the-right is-stacked-on-mobile is-vertically-aligned-center\" style=\"grid-template-columns:auto 43%\"><div class=\"wp-block-media-text__content\">\n<h4 class=\"wp-block-heading has-text-align-left has-white-color has-text-color\">\u2728 <strong>A\u015fk ve Evlilik Yolculu\u011funda Kalbine Rehberlik<\/strong> \u2728<\/h4>\n\n\n\n<p class=\"has-white-color has-text-color\">Kalbinin s\u0131rlar\u0131n\u0131 \u00e7\u00f6zmeye, gelece\u011fini \u00f6\u011frenmeye haz\u0131r m\u0131s\u0131n?<br>A\u015fk, sevgi ve evlilik konular\u0131nda merak ettiklerin i\u00e7in buraday\u0131z. Fal\u0131n \u0131\u015f\u0131\u011f\u0131nda; seni bekleyen ili\u015fkileri, evlili\u011fini, kalbinin ger\u00e7ek sahibini ve a\u015fk yolculu\u011fundaki i\u015faretleri birlikte ke\u015ffediyoruz.<\/p>\n\n\n\n<p class=\"has-white-color has-text-color\">Her fal bir yol g\u00f6stericidir\u2026<br>Belki ruh e\u015fin \u00e7ok yak\u0131nda kar\u015f\u0131na \u00e7\u0131kacak, belki de ili\u015fkin seni bamba\u015fka bir gelece\u011fe ta\u015f\u0131yacak. Sen sadece kalbini a\u00e7, biz sana fal\u0131n gizemli d\u00fcnyas\u0131nda rehberlik edelim. \ud83d\udc96<\/p>\n\n\n\n<div class=\"wp-block-buttons is-layout-flex wp-block-buttons-is-layout-flex\"><\/div>\n<\/div><figure class=\"wp-block-media-text__media\"><img loading=\"lazy\" decoding=\"async\" width=\"683\" height=\"1024\" src=\"https:\/\/falcidila.com.tr\/wp-content\/uploads\/2025\/09\/WhatsApp-Gorsel-2025-09-05-saat-10.38.44_9f8455b2-683x1024.jpg\" alt=\"\" class=\"wp-image-25 size-full\" srcset=\"https:\/\/falcidila.com.tr\/wp-content\/uploads\/2025\/09\/WhatsApp-Gorsel-2025-09-05-saat-10.38.44_9f8455b2-683x1024.jpg 683w, https:\/\/falcidila.com.tr\/wp-content\/uploads\/2025\/09\/WhatsApp-Gorsel-2025-09-05-saat-10.38.44_9f8455b2-200x300.jpg 200w, https:\/\/falcidila.com.tr\/wp-content\/uploads\/2025\/09\/WhatsApp-Gorsel-2025-09-05-saat-10.38.44_9f8455b2-768x1152.jpg 768w, https:\/\/falcidila.com.tr\/wp-content\/uploads\/2025\/09\/WhatsApp-Gorsel-2025-09-05-saat-10.38.44_9f8455b2.jpg 1024w\" sizes=\"auto, (max-width: 683px) 100vw, 683px\" \/><\/figure><\/div>\n<\/div>\n<\/div><\/div>\n\n\n\n<div class=\"wp-block-group alignfull has-ast-global-color-5-background-color has-background is-layout-constrained wp-container-core-group-is-layout-9cedb757 wp-block-group-is-layout-constrained\" style=\"padding-bottom:0px\">\n<div class=\"wp-block-columns are-vertically-aligned-top is-layout-flex wp-container-core-columns-is-layout-00723822 wp-block-columns-is-layout-flex\">\n<div class=\"wp-block-column is-vertically-aligned-top is-layout-flow wp-container-core-column-is-layout-6b73ce23 wp-block-column-is-layout-flow\">\n<h4 class=\"wp-block-heading has-text-align-left\" style=\"margin-top:16px\">\ud83c\udf39 <strong>Evlilik ve A\u015fk Fal\u0131<\/strong><\/h4>\n\n\n\n<p class=\"has-text-align-left\">Kalbinin gelece\u011finde kim var? A\u015fk ve evlilik fal\u0131 ile ruh e\u015fini, evlili\u011finin ne zaman olaca\u011f\u0131n\u0131 ve a\u015fk hayat\u0131ndaki s\u00fcrpriz geli\u015fmeleri ke\u015ffet. Gelece\u011fini \u015fekillendiren i\u015faretler burada seni bekliyor.<\/p>\n<\/div>\n\n\n\n<div class=\"wp-block-column is-vertically-aligned-top is-layout-flow wp-container-core-column-is-layout-6b73ce23 wp-block-column-is-layout-flow\">\n<h4 class=\"wp-block-heading has-text-align-left\" style=\"margin-top:16px\">\ud83d\udc8c <strong>Katina A\u015fk Fal\u0131<\/strong><\/h4>\n\n\n\n<p class=\"has-text-align-left\">Katina kartlar\u0131 kalbinin s\u0131rlar\u0131n\u0131 a\u00e7\u0131\u011fa \u00e7\u0131kar\u0131yor. Bu \u00f6zel fal sayesinde a\u015fk hayat\u0131ndaki gizemleri \u00f6\u011frenebilir, sevdi\u011fin ki\u015fiyle gelece\u011fini g\u00f6rebilir ve ili\u015fkinde seni bekleyen s\u00fcrprizleri ke\u015ffedebilirsin.<\/p>\n<\/div>\n\n\n\n<div class=\"wp-block-column is-vertically-aligned-top is-layout-flow wp-container-core-column-is-layout-6b73ce23 wp-block-column-is-layout-flow\">\n<h3 class=\"wp-block-heading has-text-align-left\" style=\"margin-top:16px\">\ud83d\udd2e <strong>Siccil A\u015fk Fal\u0131<\/strong><\/h3>\n\n\n\n<p class=\"has-text-align-left\">Siccil fal\u0131, a\u015fk yolunda kaderinin \u00e7izdi\u011fi i\u015faretleri g\u00f6sterir. Kalbinde gizli kalan sorulara cevap bul, a\u015fk\u0131n\u0131n g\u00fcc\u00fcn\u00fc ke\u015ffet ve ili\u015fkinin gelece\u011fi hakk\u0131nda ipu\u00e7lar\u0131 al.<\/p>\n<\/div>\n\n\n\n<div class=\"wp-block-column is-vertically-aligned-top is-layout-flow wp-container-core-column-is-layout-6b73ce23 wp-block-column-is-layout-flow\">\n<h3 class=\"wp-block-heading has-text-align-left\" style=\"margin-top:16px\">\ud83d\udca7 <strong>Su Fal\u0131<\/strong><\/h3>\n\n\n\n<p class=\"has-text-align-left\">Suya d\u00fc\u015fen \u015fekiller sana kalbinin en derin s\u0131rlar\u0131n\u0131 anlat\u0131r. Su fal\u0131 ile a\u015fk\u0131ndaki gizemleri \u00e7\u00f6z, evlili\u011fin hakk\u0131nda i\u015faretleri g\u00f6r ve ruhunun seni g\u00f6t\u00fcrd\u00fc\u011f\u00fc yolu ke\u015ffet.<\/p>\n<\/div>\n<\/div>\n<\/div>\n\n\n\n<div class=\"wp-block-group alignfull is-layout-constrained wp-container-core-group-is-layout-45b0ac4f wp-block-group-is-layout-constrained\" id=\"services\" style=\"padding-top:144px;padding-bottom:0px\">\n<h2 class=\"wp-block-heading\">Hizmetlerimiz<\/h2>\n\n\n\n<div class=\"wp-block-columns is-layout-flex wp-container-core-columns-is-layout-60cbf9bb wp-block-columns-is-layout-flex\" style=\"margin-top:50px\">\n<div class=\"wp-block-column is-layout-flow wp-container-core-column-is-layout-6b73ce23 wp-block-column-is-layout-flow\">\n<figure class=\"wp-block-image size-full\"><img loading=\"lazy\" decoding=\"async\" width=\"1024\" height=\"1536\" src=\"https:\/\/falcidila.com.tr\/wp-content\/uploads\/2025\/09\/WhatsApp-Gorsel-2025-09-05-saat-10.38.44_9f8455b2-1.jpg\" alt=\"\" class=\"wp-image-28\" srcset=\"https:\/\/falcidila.com.tr\/wp-content\/uploads\/2025\/09\/WhatsApp-Gorsel-2025-09-05-saat-10.38.44_9f8455b2-1.jpg 1024w, https:\/\/falcidila.com.tr\/wp-content\/uploads\/2025\/09\/WhatsApp-Gorsel-2025-09-05-saat-10.38.44_9f8455b2-1-200x300.jpg 200w, https:\/\/falcidila.com.tr\/wp-content\/uploads\/2025\/09\/WhatsApp-Gorsel-2025-09-05-saat-10.38.44_9f8455b2-1-683x1024.jpg 683w, https:\/\/falcidila.com.tr\/wp-content\/uploads\/2025\/09\/WhatsApp-Gorsel-2025-09-05-saat-10.38.44_9f8455b2-1-768x1152.jpg 768w\" sizes=\"auto, (max-width: 1024px) 100vw, 1024px\" \/><\/figure>\n\n\n\n<h3 class=\"wp-block-heading\" style=\"margin-top:16px\">\ud83c\udf39 <strong>Evlilik ve A\u015fk Fal\u0131<\/strong><\/h3>\n\n\n\n<h3 class=\"wp-block-heading\">Kalbinin gelece\u011finde kim var? A\u015fk ve evlilik fal\u0131 ile ruh e\u015fini, evlili\u011finin ne zaman olaca\u011f\u0131n\u0131 ve a\u015fk hayat\u0131ndaki s\u00fcrpriz geli\u015fmeleri ke\u015ffet. Gelece\u011fini \u015fekillendiren i\u015faretler burada seni bekliyor.<\/h3>\n<\/div>\n\n\n\n<div class=\"wp-block-column is-layout-flow wp-container-core-column-is-layout-6b73ce23 wp-block-column-is-layout-flow\">\n<figure class=\"wp-block-image size-full\"><img loading=\"lazy\" decoding=\"async\" width=\"1024\" height=\"1536\" src=\"https:\/\/falcidila.com.tr\/wp-content\/uploads\/2025\/09\/WhatsApp-Gorsel-2025-09-05-saat-10.38.45_86b28f17.jpg\" alt=\"\" class=\"wp-image-29\" srcset=\"https:\/\/falcidila.com.tr\/wp-content\/uploads\/2025\/09\/WhatsApp-Gorsel-2025-09-05-saat-10.38.45_86b28f17.jpg 1024w, https:\/\/falcidila.com.tr\/wp-content\/uploads\/2025\/09\/WhatsApp-Gorsel-2025-09-05-saat-10.38.45_86b28f17-200x300.jpg 200w, https:\/\/falcidila.com.tr\/wp-content\/uploads\/2025\/09\/WhatsApp-Gorsel-2025-09-05-saat-10.38.45_86b28f17-683x1024.jpg 683w, https:\/\/falcidila.com.tr\/wp-content\/uploads\/2025\/09\/WhatsApp-Gorsel-2025-09-05-saat-10.38.45_86b28f17-768x1152.jpg 768w\" sizes=\"auto, (max-width: 1024px) 100vw, 1024px\" \/><\/figure>\n\n\n\n<h3 class=\"wp-block-heading\" style=\"margin-top:16px\">\ud83d\udc8c <strong>Katina A\u015fk Fal\u0131<\/strong><\/h3>\n\n\n\n<p>Katina kartlar\u0131 kalbinin s\u0131rlar\u0131n\u0131 a\u00e7\u0131\u011fa \u00e7\u0131kar\u0131yor. Bu \u00f6zel fal sayesinde a\u015fk hayat\u0131ndaki gizemleri \u00f6\u011frenebilir, sevdi\u011fin ki\u015fiyle gelece\u011fini g\u00f6rebilir ve ili\u015fkinde seni bekleyen s\u00fcrprizleri ke\u015ffedebilirsin.<\/p>\n<\/div>\n\n\n\n<div class=\"wp-block-column is-layout-flow wp-container-core-column-is-layout-6b73ce23 wp-block-column-is-layout-flow\">\n<figure class=\"wp-block-image size-full\"><img loading=\"lazy\" decoding=\"async\" width=\"1024\" height=\"1536\" src=\"https:\/\/falcidila.com.tr\/wp-content\/uploads\/2025\/09\/WhatsApp-Gorsel-2025-09-05-saat-10.38.46_8884277c.jpg\" alt=\"\" class=\"wp-image-32\" srcset=\"https:\/\/falcidila.com.tr\/wp-content\/uploads\/2025\/09\/WhatsApp-Gorsel-2025-09-05-saat-10.38.46_8884277c.jpg 1024w, https:\/\/falcidila.com.tr\/wp-content\/uploads\/2025\/09\/WhatsApp-Gorsel-2025-09-05-saat-10.38.46_8884277c-200x300.jpg 200w, https:\/\/falcidila.com.tr\/wp-content\/uploads\/2025\/09\/WhatsApp-Gorsel-2025-09-05-saat-10.38.46_8884277c-683x1024.jpg 683w, https:\/\/falcidila.com.tr\/wp-content\/uploads\/2025\/09\/WhatsApp-Gorsel-2025-09-05-saat-10.38.46_8884277c-768x1152.jpg 768w\" sizes=\"auto, (max-width: 1024px) 100vw, 1024px\" \/><\/figure>\n\n\n\n<h3 class=\"wp-block-heading\" style=\"margin-top:16px\">\ud83d\udca7 <strong>Su Fal\u0131<\/strong><\/h3>\n\n\n\n<p>Suya d\u00fc\u015fen \u015fekiller sana kalbinin en derin s\u0131rlar\u0131n\u0131 anlat\u0131r. Su fal\u0131 ile a\u015fk\u0131ndaki gizemleri \u00e7\u00f6z, evlili\u011fin hakk\u0131nda i\u015faretleri g\u00f6r ve ruhunun seni g\u00f6t\u00fcrd\u00fc\u011f\u00fc yolu ke\u015ffet.<\/p>\n<\/div>\n<\/div>\n<\/div>\n\n\n\n<div class=\"wp-block-group alignfull has-ast-global-color-5-background-color has-background is-layout-constrained wp-container-core-group-is-layout-94d206d0 wp-block-group-is-layout-constrained\" id=\"about\" style=\"padding-top:143px;padding-bottom:144px\">\n<div class=\"wp-block-media-text has-media-on-the-right is-stacked-on-mobile is-vertically-aligned-center\"><div class=\"wp-block-media-text__content\">\n<div class=\"inherit-container-width wp-block-group is-layout-constrained wp-container-core-group-is-layout-47ce07ec wp-block-group-is-layout-constrained\" style=\"padding-right:80px\">\n<h2 class=\"wp-block-heading\" style=\"padding-right:40px\">\u2728 Hakk\u0131m\u0131zda<\/h2>\n\n\n\n<p>Kalbin yolculu\u011funa \u0131\u015f\u0131k tutmak i\u00e7in buraday\u0131z\u2026 \ud83d\udc96<br>A\u015fk, sevgi ve evlilik konular\u0131nda merak ettiklerini cevaplamak, sana fal\u0131n gizemli d\u00fcnyas\u0131nda rehberlik etmek i\u00e7in bu platformu kurduk.<\/p>\n\n\n\n<p>Amac\u0131m\u0131z; sadece fal bakmak de\u011fil, ayn\u0131 zamanda kalbine dokunacak bir yolculuk sunmak. Katina A\u015fk Fal\u0131, Siccil A\u015fk Fal\u0131, Su Fal\u0131 ve Evlilik Fal\u0131 gibi farkl\u0131 yorum y\u00f6ntemleriyle sana en do\u011fru rehberli\u011fi sa\u011fl\u0131yoruz.<\/p>\n\n\n\n<p>Her fal bir umut, bir i\u015faret ve bir yol g\u00f6stericidir.<br>Belki hayat\u0131n\u0131n a\u015fk\u0131 \u00e7ok yak\u0131nda kar\u015f\u0131na \u00e7\u0131kacak, belki de evlilik yolunda seni bekleyen s\u00fcrprizlerle tan\u0131\u015facaks\u0131n. Biz, sana kalbinin f\u0131s\u0131lt\u0131lar\u0131n\u0131 duyman i\u00e7in yard\u0131mc\u0131 oluyoruz.<\/p>\n\n\n\n<p>\u2728 <strong>Kalbine inan, fal\u0131na yolculu\u011fa \u00e7\u0131k\u2026<\/strong><\/p>\n<\/div>\n<\/div><figure class=\"wp-block-media-text__media\"><img loading=\"lazy\" decoding=\"async\" width=\"683\" height=\"1024\" src=\"https:\/\/falcidila.com.tr\/wp-content\/uploads\/2025\/09\/WhatsApp-Gorsel-2025-09-05-saat-10.38.44_9f8455b2-2-683x1024.jpg\" alt=\"\" class=\"wp-image-34 size-full\" srcset=\"https:\/\/falcidila.com.tr\/wp-content\/uploads\/2025\/09\/WhatsApp-Gorsel-2025-09-05-saat-10.38.44_9f8455b2-2-683x1024.jpg 683w, https:\/\/falcidila.com.tr\/wp-content\/uploads\/2025\/09\/WhatsApp-Gorsel-2025-09-05-saat-10.38.44_9f8455b2-2-200x300.jpg 200w, https:\/\/falcidila.com.tr\/wp-content\/uploads\/2025\/09\/WhatsApp-Gorsel-2025-09-05-saat-10.38.44_9f8455b2-2-768x1152.jpg 768w, https:\/\/falcidila.com.tr\/wp-content\/uploads\/2025\/09\/WhatsApp-Gorsel-2025-09-05-saat-10.38.44_9f8455b2-2.jpg 1024w\" sizes=\"auto, (max-width: 683px) 100vw, 683px\" \/><\/figure><\/div>\n<\/div>\n\n\n\n<div class=\"wp-block-group alignfull has-ast-global-color-4-background-color has-background is-layout-constrained wp-container-core-group-is-layout-6a2cfb7b wp-block-group-is-layout-constrained\" id=\"reviews\">\n<figure class=\"wp-block-image aligncenter size-full\"><img loading=\"lazy\" decoding=\"async\" width=\"1024\" height=\"1536\" src=\"https:\/\/falcidila.com.tr\/wp-content\/uploads\/2025\/09\/WhatsApp-Gorsel-2025-09-05-saat-10.38.46_8c9b3b2d.jpg\" alt=\"\" class=\"wp-image-36\" srcset=\"https:\/\/falcidila.com.tr\/wp-content\/uploads\/2025\/09\/WhatsApp-Gorsel-2025-09-05-saat-10.38.46_8c9b3b2d.jpg 1024w, https:\/\/falcidila.com.tr\/wp-content\/uploads\/2025\/09\/WhatsApp-Gorsel-2025-09-05-saat-10.38.46_8c9b3b2d-200x300.jpg 200w, https:\/\/falcidila.com.tr\/wp-content\/uploads\/2025\/09\/WhatsApp-Gorsel-2025-09-05-saat-10.38.46_8c9b3b2d-683x1024.jpg 683w, https:\/\/falcidila.com.tr\/wp-content\/uploads\/2025\/09\/WhatsApp-Gorsel-2025-09-05-saat-10.38.46_8c9b3b2d-768x1152.jpg 768w\" sizes=\"auto, (max-width: 1024px) 100vw, 1024px\" \/><\/figure>\n\n\n\n<p class=\"has-text-align-center\" style=\"font-size:22px;line-height:1.6\">\ud83c\udf1f Neler Yap\u0131yoruz?<\/p>\n\n\n\n<p>\ud83d\udc96 <strong>A\u015fk ve Evlilik Fal\u0131<\/strong><br>Kalbinin gelece\u011fini ke\u015ffet! Ruh e\u015fini, evlili\u011fini ve a\u015fk yolculu\u011fundaki i\u015faretleri yorumluyoruz.<\/p>\n\n\n\n<p>\ud83d\udd2e <strong>Katina A\u015fk Fal\u0131<\/strong><br>Katina kartlar\u0131yla a\u015fk hayat\u0131ndaki s\u0131rlar\u0131 a\u00e7\u0131\u011fa \u00e7\u0131kar\u0131yor, ili\u015fkinin gelece\u011fini yorumluyoruz.<\/p>\n\n\n\n<p>\u2728 <strong>Siccil A\u015fk Fal\u0131<\/strong><br>Kaderinin \u00e7izdi\u011fi a\u015fk yolunu Siccil fal\u0131 ile ke\u015ffet; sevdi\u011finle ili\u015fkinin g\u00fcc\u00fcn\u00fc ve gelece\u011fini \u00f6\u011fren.<\/p>\n\n\n\n<p>\ud83d\udca7 <strong>Su Fal\u0131<\/strong><br>Suya yans\u0131yan \u015fekillerle kalbinin derinliklerine iniyor, a\u015fk ve evlilik hayat\u0131ndaki gizemleri \u00e7\u00f6z\u00fcyoruz.<\/p>\n\n\n\n<p class=\"has-text-align-center\" style=\"font-size:22px;line-height:1.6\">\ud83c\udf19 <strong>Rehberlik ve Yol G\u00f6stericilik<\/strong><br>Fal\u0131n \u00f6tesinde; sana kalbini dinlemen, do\u011fru yolu se\u00e7men ve umutla ilerlemen i\u00e7in rehberlik ediyoruz.<\/p>\n<\/div>\n\n\n\n<div class=\"wp-block-group alignfull has-luminous-vivid-amber-to-luminous-vivid-orange-gradient-background has-background is-layout-constrained wp-container-core-group-is-layout-cfcca693 wp-block-group-is-layout-constrained\" id=\"contact\" style=\"padding-top:104px;padding-bottom:104px\">\n<h2 class=\"wp-block-heading has-text-align-center has-text-color\" style=\"color:#ffffff\">\ud83d\udcde \u0130leti\u015fim<\/h2>\n\n\n\n<p>Sorular\u0131n, merak ettiklerin ya da fal bakt\u0131rmak i\u00e7in bizimle hemen ileti\u015fime ge\u00e7ebilirsin.<\/p>\n\n\n\n<p>\ud83d\udcf1 <strong>WhatsApp:<\/strong> 0531 848 83 59<br>\ud83d\udcf7 <strong>Instagram:<\/strong> <a href=\"https:\/\/instagram.com\/falcidila?utm_source=chatgpt.com\">@falcidila<\/a><\/p>\n\n\n\n<p class=\"has-text-align-center\">\u2728 Kalbine rehberlik edecek fal yolculu\u011fun bir mesaj kadar yak\u0131n!<\/p>\n\n\n\n<div class=\"wp-block-buttons alignwide is-horizontal is-content-justification-center is-layout-flex wp-container-core-buttons-is-layout-bba8380a wp-block-buttons-is-layout-flex\" style=\"margin-top:50px\"><\/div>\n<\/div>\n","protected":false},"excerpt":{"rendered":"<p>\ud83c\udf39 Evlilik ve A\u015fk Fal\u0131 Kalbinin gelece\u011finde kim var? A\u015fk ve evlilik fal\u0131 ile ruh e\u015fini, evlili\u011finin ne zaman olaca\u011f\u0131n\u0131 [&hellip;]<\/p>\n","protected":false},"author":1,"featured_media":0,"parent":0,"menu_order":0,"comment_status":"closed","ping_status":"closed","template":"","meta":{"om_disable_all_campaigns":false,"_monsterinsights_skip_tracking":false,"_monsterinsights_sitenote_active":false,"_monsterinsights_sitenote_note":"","_monsterinsights_sitenote_category":0,"site-sidebar-layout":"no-sidebar","site-content-layout":"plain-container","ast-site-content-layout":"default","site-content-style":"default","site-sidebar-style":"default","ast-global-header-display":"","ast-banner-title-visibility":"","ast-main-header-display":"","ast-hfb-above-header-display":"","ast-hfb-below-header-display":"","ast-hfb-mobile-header-display":"","site-post-title":"disabled","ast-breadcrumbs-content":"","ast-featured-img":"","footer-sml-layout":"","ast-disable-related-posts":"","theme-transparent-header-meta":"enabled","adv-header-id-meta":"","stick-header-meta":"","header-above-stick-meta":"","header-main-stick-meta":"","header-below-stick-meta":"","astra-migrate-meta-layouts":"default","ast-page-background-enabled":"default","ast-page-background-meta":{"desktop":{"background-color":"var(--ast-global-color-5)","background-image":"","background-repeat":"repeat","background-position":"center center","background-size":"auto","background-attachment":"scroll","background-type":"","background-media":"","overlay-type":"","overlay-color":"","overlay-opacity":"","overlay-gradient":""},"tablet":{"background-color":"","background-image":"","background-repeat":"repeat","background-position":"center center","background-size":"auto","background-attachment":"scroll","background-type":"","background-media":"","overlay-type":"","overlay-color":"","overlay-opacity":"","overlay-gradient":""},"mobile":{"background-color":"","background-image":"","background-repeat":"repeat","background-position":"center center","background-size":"auto","background-attachment":"scroll","background-type":"","background-media":"","overlay-type":"","overlay-color":"","overlay-opacity":"","overlay-gradient":""}},"ast-content-background-meta":{"desktop":{"background-color":"var(--ast-global-color-4)","background-image":"","background-repeat":"repeat","background-position":"center center","background-size":"auto","background-attachment":"scroll","background-type":"","background-media":"","overlay-type":"","overlay-color":"","overlay-opacity":"","overlay-gradient":""},"tablet":{"background-color":"var(--ast-global-color-4)","background-image":"","background-repeat":"repeat","background-position":"center center","background-size":"auto","background-attachment":"scroll","background-type":"","background-media":"","overlay-type":"","overlay-color":"","overlay-opacity":"","overlay-gradient":""},"mobile":{"background-color":"var(--ast-global-color-4)","background-image":"","background-repeat":"repeat","background-position":"center center","background-size":"auto","background-attachment":"scroll","background-type":"","background-media":"","overlay-type":"","overlay-color":"","overlay-opacity":"","overlay-gradient":""}},"footnotes":""},"class_list":["post-7","page","type-page","status-publish","hentry"],"aioseo_notices":[],"_links":{"self":[{"href":"https:\/\/falcidila.com.tr\/index.php?rest_route=\/wp\/v2\/pages\/7","targetHints":{"allow":["GET"]}}],"collection":[{"href":"https:\/\/falcidila.com.tr\/index.php?rest_route=\/wp\/v2\/pages"}],"about":[{"href":"https:\/\/falcidila.com.tr\/index.php?rest_route=\/wp\/v2\/types\/page"}],"author":[{"embeddable":true,"href":"https:\/\/falcidila.com.tr\/index.php?rest_route=\/wp\/v2\/users\/1"}],"replies":[{"embeddable":true,"href":"https:\/\/falcidila.com.tr\/index.php?rest_route=%2Fwp%2Fv2%2Fcomments&post=7"}],"version-history":[{"count":10,"href":"https:\/\/falcidila.com.tr\/index.php?rest_route=\/wp\/v2\/pages\/7\/revisions"}],"predecessor-version":[{"id":44,"href":"https:\/\/falcidila.com.tr\/index.php?rest_route=\/wp\/v2\/pages\/7\/revisions\/44"}],"wp:attachment":[{"href":"https:\/\/falcidila.com.tr\/index.php?rest_route=%2Fwp%2Fv2%2Fmedia&parent=7"}],"curies":[{"name":"wp","href":"https:\/\/api.w.org\/{rel}","templated":true}]}}